{"id":8468,"date":"2022-06-21T08:43:33","date_gmt":"2022-06-21T08:43:33","guid":{"rendered":"https:\/\/demo2wpopal.b-cdn.net\/wi-help\/?page_id=8468"},"modified":"2023-09-27T14:21:13","modified_gmt":"2023-09-27T14:21:13","slug":"our-work","status":"publish","type":"page","link":"https:\/\/www.cf.lombaoestudios.com\/es\/our-work\/","title":{"rendered":"Nuestro Trabajo"},"content":{"rendered":"<div data-elementor-type=\"wp-page\" data-elementor-id=\"8468\" class=\"elementor elementor-8468\" data-elementor-post-type=\"page\">\n\t\t\t\t\t\t<div class=\"elementor-section elementor-top-section elementor-element elementor-element-aec918b elementor-section-stretched elementor-section-boxed elementor-section-height-default elementor-section-height-default\" data-id=\"aec918b\" data-element_type=\"section\" data-settings=\"{&quot;stretch_section&quot;:&quot;section-stretched&quot;}\">\n\t\t\t\t\t\t<div class=\"elementor-container elementor-column-gap-no\">\n\t\t\t\t\t<div class=\"elementor-column elementor-col-100 elementor-top-column elementor-element elementor-element-d0e770a\" data-id=\"d0e770a\" data-element_type=\"column\">\n\t\t\t<div class=\"elementor-widget-wrap elementor-element-populated\">\n\t\t\t\t\t\t<div class=\"elementor-section elementor-inner-section elementor-element elementor-element-9831e18 elementor-section-boxed elementor-section-height-default elementor-section-height-default\" data-id=\"9831e18\" data-element_type=\"section\">\n\t\t\t\t\t\t<div class=\"elementor-container elementor-column-gap-wide\">\n\t\t\t\t\t<div class=\"elementor-column elementor-col-50 elementor-inner-column elementor-element elementor-element-e924c92\" data-id=\"e924c92\" data-element_type=\"column\">\n\t\t\t<div class=\"elementor-widget-wrap\">\n\t\t\t\t\t\t\t<\/div>\n\t\t<\/div>\n\t\t\t\t<div class=\"elementor-column elementor-col-50 elementor-inner-column elementor-element elementor-element-283a4c0\" data-id=\"283a4c0\" data-element_type=\"column\">\n\t\t\t<div class=\"elementor-widget-wrap elementor-element-populated\">\n\t\t\t\t\t\t<div class=\"elementor-element elementor-element-10b9b68 elementor-widget elementor-widget-text-editor\" data-id=\"10b9b68\" data-element_type=\"widget\" data-widget_type=\"text-editor.default\">\n\t\t\t\t<div class=\"elementor-widget-container\">\n\t\t\t\t\t\t\t\t\t<p>Trabajamos con empresas existentes del sector privado para financiar sus proyectos de emprendimiento social o ayudamos a organizar dichos proyectos con la participaci\u00f3n de empresas del sector privado. En t\u00e9rminos m\u00e1s generales, uno de nuestros principales objetivos es fomentar la creaci\u00f3n y el fomento del ecosistema filantr\u00f3pico de Cuba para que, a largo plazo, los individuos y fundaciones privadas dentro y fuera de Cuba puedan unirse al Estado y a los sectores privados para resolver problemas cr\u00edticos. y ampliar oportunidades que sean consistentes con la historia y las perspectivas futuras de Cuba.<\/p>\t\t\t\t\t\t\t\t<\/div>\n\t\t\t\t<\/div>\n\t\t\t\t\t<\/div>\n\t\t<\/div>\n\t\t\t\t\t<\/div>\n\t\t<\/div>\n\t\t\t\t\t<\/div>\n\t\t<\/div>\n\t\t\t\t\t<\/div>\n\t\t<\/div>\n\t\t\t\t<div class=\"elementor-section elementor-top-section elementor-element elementor-element-e61b719 elementor-section-stretched elementor-section-boxed elementor-section-height-default elementor-section-height-default\" data-id=\"e61b719\" data-element_type=\"section\" data-settings=\"{&quot;stretch_section&quot;:&quot;section-stretched&quot;}\">\n\t\t\t\t\t\t<div class=\"elementor-container elementor-column-gap-no\">\n\t\t\t\t\t<div class=\"elementor-column elementor-col-100 elementor-top-column elementor-element elementor-element-7037a91\" data-id=\"7037a91\" data-element_type=\"column\">\n\t\t\t<div class=\"elementor-widget-wrap elementor-element-populated\">\n\t\t\t\t\t\t<div class=\"elementor-element elementor-element-f9c366d elementor-widget-divider--view-line elementor-widget elementor-widget-divider\" data-id=\"f9c366d\" data-element_type=\"widget\" data-widget_type=\"divider.default\">\n\t\t\t\t<div class=\"elementor-widget-container\">\n\t\t\t\t\t\t\t<div class=\"elementor-divider\">\n\t\t\t<span class=\"elementor-divider-separator\">\n\t\t\t\t\t\t<\/span>\n\t\t<\/div>\n\t\t\t\t\t\t<\/div>\n\t\t\t\t<\/div>\n\t\t\t\t\t<\/div>\n\t\t<\/div>\n\t\t\t\t\t<\/div>\n\t\t<\/div>\n\t\t\t\t<div class=\"elementor-section elementor-top-section elementor-element elementor-element-c53adf7 elementor-section-stretched elementor-section-boxed elementor-section-height-default elementor-section-height-default\" data-id=\"c53adf7\" data-element_type=\"section\" data-settings=\"{&quot;stretch_section&quot;:&quot;section-stretched&quot;}\">\n\t\t\t\t\t\t<div class=\"elementor-container elementor-column-gap-no\">\n\t\t\t\t\t<div class=\"elementor-column elementor-col-50 elementor-top-column elementor-element elementor-element-b5844b3\" data-id=\"b5844b3\" data-element_type=\"column\">\n\t\t\t<div class=\"elementor-widget-wrap elementor-element-populated\">\n\t\t\t\t\t\t<div class=\"elementor-section elementor-inner-section elementor-element elementor-element-202adbc elementor-section-full_width elementor-section-height-default elementor-section-height-default\" data-id=\"202adbc\" data-element_type=\"section\">\n\t\t\t\t\t\t<div class=\"elementor-container elementor-column-gap-no\">\n\t\t\t\t\t<div class=\"elementor-column elementor-col-100 elementor-inner-column elementor-element elementor-element-ed90857\" data-id=\"ed90857\" data-element_type=\"column\">\n\t\t\t<div class=\"elementor-widget-wrap elementor-element-populated\">\n\t\t\t\t\t\t<div class=\"elementor-element elementor-element-4d09636 elementor-widget-mobile__width-inherit elementor-invisible elementor-widget elementor-widget-image\" data-id=\"4d09636\" data-element_type=\"widget\" data-settings=\"{&quot;_animation&quot;:&quot;fadeIn&quot;}\" data-widget_type=\"image.default\">\n\t\t\t\t<div class=\"elementor-widget-container\">\n\t\t\t\t\t\t\t\t\t\t\t\t\t\t\t<img fetchpriority=\"high\" decoding=\"async\" width=\"1500\" height=\"2000\" src=\"https:\/\/i0.wp.com\/www.cf.lombaoestudios.com\/wp-content\/uploads\/2023\/09\/CF_Our-Work_01.jpg?fit=1500%2C2000&amp;ssl=1\" class=\"attachment-full size-full wp-image-16494\" alt=\"\" srcset=\"https:\/\/i0.wp.com\/www.cf.lombaoestudios.com\/wp-content\/uploads\/2023\/09\/CF_Our-Work_01.jpg?w=1500&amp;ssl=1 1500w, https:\/\/i0.wp.com\/www.cf.lombaoestudios.com\/wp-content\/uploads\/2023\/09\/CF_Our-Work_01.jpg?resize=225%2C300&amp;ssl=1 225w, https:\/\/i0.wp.com\/www.cf.lombaoestudios.com\/wp-content\/uploads\/2023\/09\/CF_Our-Work_01.jpg?resize=768%2C1024&amp;ssl=1 768w, https:\/\/i0.wp.com\/www.cf.lombaoestudios.com\/wp-content\/uploads\/2023\/09\/CF_Our-Work_01.jpg?resize=1152%2C1536&amp;ssl=1 1152w, https:\/\/i0.wp.com\/www.cf.lombaoestudios.com\/wp-content\/uploads\/2023\/09\/CF_Our-Work_01.jpg?resize=9%2C12&amp;ssl=1 9w\" sizes=\"(max-width: 980px) 100vw, 980px\" \/>\t\t\t\t\t\t\t\t\t\t\t\t\t\t\t<\/div>\n\t\t\t\t<\/div>\n\t\t\t\t\t<\/div>\n\t\t<\/div>\n\t\t\t\t\t<\/div>\n\t\t<\/div>\n\t\t\t\t\t<\/div>\n\t\t<\/div>\n\t\t\t\t<div class=\"elementor-column elementor-col-50 elementor-top-column elementor-element elementor-element-a7c97ee\" data-id=\"a7c97ee\" data-element_type=\"column\">\n\t\t\t<div class=\"elementor-widget-wrap elementor-element-populated\">\n\t\t\t\t\t\t<div class=\"elementor-element elementor-element-7ada6a5 elementor-widget elementor-widget-accordion\" data-id=\"7ada6a5\" data-element_type=\"widget\" data-widget_type=\"accordion.default\">\n\t\t\t\t<div class=\"elementor-widget-container\">\n\t\t\t\t\t\t\t<div class=\"elementor-accordion\">\n\t\t\t\t\t\t\t<div class=\"elementor-accordion-item\">\n\t\t\t\t\t<h3 id=\"elementor-tab-title-1281\" class=\"elementor-tab-title\" data-tab=\"1\" role=\"button\" aria-controls=\"elementor-tab-content-1281\" aria-expanded=\"false\">\n\t\t\t\t\t\t\t\t\t\t\t\t\t<span class=\"elementor-accordion-icon elementor-accordion-icon-right\" aria-hidden=\"true\">\n\t\t\t\t\t\t\t\t\t\t\t\t\t\t\t<span class=\"elementor-accordion-icon-closed\"><i class=\"fas fa-angle-up\"><\/i><\/span>\n\t\t\t\t\t\t\t\t<span class=\"elementor-accordion-icon-opened\"><i class=\"fas fa-angle-down\"><\/i><\/span>\n\t\t\t\t\t\t\t\t\t\t\t\t\t\t<\/span>\n\t\t\t\t\t\t\t\t\t\t\t\t<a class=\"elementor-accordion-title\" tabindex=\"0\">Emprendimiento e Innovaci\u00f3n<\/a>\n\t\t\t\t\t<\/h3>\n\t\t\t\t\t<div id=\"elementor-tab-content-1281\" class=\"elementor-tab-content elementor-clearfix\" data-tab=\"1\" role=\"region\" aria-labelledby=\"elementor-tab-title-1281\"><p>Cuba ha reconocido cada vez m\u00e1s en los \u00faltimos 10 a 15 a\u00f1os las importantes contribuciones que su sector privado o no estatal puede tener para generar crecimiento econ\u00f3mico a trav\u00e9s del trabajo por cuenta propia y, m\u00e1s recientemente, el establecimiento de micro, peque\u00f1as y medianas entidades. . Estas actividades se encuentran en su etapa inicial, pero representan una clara ruptura con las posiciones oficiales anteriores sobre el papel del sector privado y son la mejor opci\u00f3n disponible para fomentar la libre empresa en consonancia con los objetivos sociales m\u00e1s amplios de Cuba. Como creemos en la sostenibilidad financiera, no financiamos actividades comerciales con fines de lucro. Pero financiaremos actividades de emprendimiento social del sector privado destinadas a crear un bien p\u00fablico, como la ense\u00f1anza de habilidades comerciales, vocacionales o de marketing b\u00e1sicas.<\/p><\/div>\n\t\t\t\t<\/div>\n\t\t\t\t\t\t\t<div class=\"elementor-accordion-item\">\n\t\t\t\t\t<h3 id=\"elementor-tab-title-1282\" class=\"elementor-tab-title\" data-tab=\"2\" role=\"button\" aria-controls=\"elementor-tab-content-1282\" aria-expanded=\"false\">\n\t\t\t\t\t\t\t\t\t\t\t\t\t<span class=\"elementor-accordion-icon elementor-accordion-icon-right\" aria-hidden=\"true\">\n\t\t\t\t\t\t\t\t\t\t\t\t\t\t\t<span class=\"elementor-accordion-icon-closed\"><i class=\"fas fa-angle-up\"><\/i><\/span>\n\t\t\t\t\t\t\t\t<span class=\"elementor-accordion-icon-opened\"><i class=\"fas fa-angle-down\"><\/i><\/span>\n\t\t\t\t\t\t\t\t\t\t\t\t\t\t<\/span>\n\t\t\t\t\t\t\t\t\t\t\t\t<a class=\"elementor-accordion-title\" tabindex=\"0\">Cambio Clim\u00e1tico y Patrimonio Natural<\/a>\n\t\t\t\t\t<\/h3>\n\t\t\t\t\t<div id=\"elementor-tab-content-1282\" class=\"elementor-tab-content elementor-clearfix\" data-tab=\"2\" role=\"region\" aria-labelledby=\"elementor-tab-title-1282\"><p>Al igual que otros pa\u00edses en el mundo, pero especialmente en el Caribe, Cuba est\u00e1 amenazada por el calentamiento global, el cambio clim\u00e1tico y otros desaf\u00edos creados por el hombre para su medio ambiente y econom\u00eda.<br \/>Para permitir la mayor oportunidad de desarrollo a largo plazo, es de vital importancia que Cuba mantenga su patrimonio natural para sus generaciones presentes y futuras. Actuaremos como catalizadores y conectaremos a expertos y fundaciones internacionales con proyectos destinados a proteger, restaurar y promover los diversos ecosistemas de Cuba, incluso a trav\u00e9s de la educaci\u00f3n. En relaci\u00f3n con el sector privado, fomentaremos la adopci\u00f3n de pr\u00e1cticas operativas que favorezcan la sostenibilidad ambiental.<\/p><\/div>\n\t\t\t\t<\/div>\n\t\t\t\t\t\t\t<div class=\"elementor-accordion-item\">\n\t\t\t\t\t<h3 id=\"elementor-tab-title-1283\" class=\"elementor-tab-title\" data-tab=\"3\" role=\"button\" aria-controls=\"elementor-tab-content-1283\" aria-expanded=\"false\">\n\t\t\t\t\t\t\t\t\t\t\t\t\t<span class=\"elementor-accordion-icon elementor-accordion-icon-right\" aria-hidden=\"true\">\n\t\t\t\t\t\t\t\t\t\t\t\t\t\t\t<span class=\"elementor-accordion-icon-closed\"><i class=\"fas fa-angle-up\"><\/i><\/span>\n\t\t\t\t\t\t\t\t<span class=\"elementor-accordion-icon-opened\"><i class=\"fas fa-angle-down\"><\/i><\/span>\n\t\t\t\t\t\t\t\t\t\t\t\t\t\t<\/span>\n\t\t\t\t\t\t\t\t\t\t\t\t<a class=\"elementor-accordion-title\" tabindex=\"0\">Patrimonio Cultural<\/a>\n\t\t\t\t\t<\/h3>\n\t\t\t\t\t<div id=\"elementor-tab-content-1283\" class=\"elementor-tab-content elementor-clearfix\" data-tab=\"3\" role=\"region\" aria-labelledby=\"elementor-tab-title-1283\"><p>El patrimonio cultural de Cuba, tanto tangible como intangible, ha sido reconocido desde hace muchos a\u00f1os. Representa bienes nacionales de valor incalculable que deben preservarse en beneficio del mundo entero. La Habana y otras ciudades y pueblos contienen muchos edificios y espacios p\u00fablicos que son importantes desde una perspectiva de dise\u00f1o, est\u00e9tica o hist\u00f3rica. El patrimonio cultural inmaterial de Cuba incluye sus artes esc\u00e9nicas, eventos festivos y rituales sociales, entre otras pr\u00e1cticas. The Cuba Foundation considera proyectos encaminados a preservar estas formas de patrimonio cultural.<\/p><\/div>\n\t\t\t\t<\/div>\n\t\t\t\t\t\t\t<div class=\"elementor-accordion-item\">\n\t\t\t\t\t<h3 id=\"elementor-tab-title-1284\" class=\"elementor-tab-title\" data-tab=\"4\" role=\"button\" aria-controls=\"elementor-tab-content-1284\" aria-expanded=\"false\">\n\t\t\t\t\t\t\t\t\t\t\t\t\t<span class=\"elementor-accordion-icon elementor-accordion-icon-right\" aria-hidden=\"true\">\n\t\t\t\t\t\t\t\t\t\t\t\t\t\t\t<span class=\"elementor-accordion-icon-closed\"><i class=\"fas fa-angle-up\"><\/i><\/span>\n\t\t\t\t\t\t\t\t<span class=\"elementor-accordion-icon-opened\"><i class=\"fas fa-angle-down\"><\/i><\/span>\n\t\t\t\t\t\t\t\t\t\t\t\t\t\t<\/span>\n\t\t\t\t\t\t\t\t\t\t\t\t<a class=\"elementor-accordion-title\" tabindex=\"0\">Deportes y Desarrollo<\/a>\n\t\t\t\t\t<\/h3>\n\t\t\t\t\t<div id=\"elementor-tab-content-1284\" class=\"elementor-tab-content elementor-clearfix\" data-tab=\"4\" role=\"region\" aria-labelledby=\"elementor-tab-title-1284\"><p>Trabajamos con atletas, patrocinadores corporativos y organizaciones deportivas para financiar la construcci\u00f3n y el mantenimiento de sedes para competiciones deportivas, y financiaremos o proporcionaremos equipos y prendas deportivas. Siempre que sea posible, nuestros programas deportivos juveniles estar\u00e1n vinculados a objetivos de desarrollo social, como la igualdad de g\u00e9nero y la aptitud f\u00edsica.<\/p><\/div>\n\t\t\t\t<\/div>\n\t\t\t\t\t\t\t<div class=\"elementor-accordion-item\">\n\t\t\t\t\t<h3 id=\"elementor-tab-title-1285\" class=\"elementor-tab-title\" data-tab=\"5\" role=\"button\" aria-controls=\"elementor-tab-content-1285\" aria-expanded=\"false\">\n\t\t\t\t\t\t\t\t\t\t\t\t\t<span class=\"elementor-accordion-icon elementor-accordion-icon-right\" aria-hidden=\"true\">\n\t\t\t\t\t\t\t\t\t\t\t\t\t\t\t<span class=\"elementor-accordion-icon-closed\"><i class=\"fas fa-angle-up\"><\/i><\/span>\n\t\t\t\t\t\t\t\t<span class=\"elementor-accordion-icon-opened\"><i class=\"fas fa-angle-down\"><\/i><\/span>\n\t\t\t\t\t\t\t\t\t\t\t\t\t\t<\/span>\n\t\t\t\t\t\t\t\t\t\t\t\t<a class=\"elementor-accordion-title\" tabindex=\"0\">Intercambios Acad\u00e9micos<\/a>\n\t\t\t\t\t<\/h3>\n\t\t\t\t\t<div id=\"elementor-tab-content-1285\" class=\"elementor-tab-content elementor-clearfix\" data-tab=\"5\" role=\"region\" aria-labelledby=\"elementor-tab-title-1285\"><p>Apoyamos programas de intercambio acad\u00e9mico entre investigadores y estudiantes de Cuba y EE.UU. y otros pa\u00edses, particularmente en \u00e1reas de estudio que respaldan el desarrollo social y econ\u00f3mico. La investigaci\u00f3n y la educaci\u00f3n est\u00e1n en el coraz\u00f3n de las actividades y resultados del desarrollo. La capacidad de participar en la transferencia de conocimiento a trav\u00e9s de fronteras promueve el compromiso y la comprensi\u00f3n con m\u00faltiples efectos positivos para todos los involucrados.<\/p><\/div>\n\t\t\t\t<\/div>\n\t\t\t\t\t\t\t\t<\/div>\n\t\t\t\t\t\t<\/div>\n\t\t\t\t<\/div>\n\t\t\t\t\t<\/div>\n\t\t<\/div>\n\t\t\t\t\t<\/div>\n\t\t<\/div>\n\t\t\t\t<\/div>","protected":false},"excerpt":{"rendered":"<p>We Support Sustainable Development We work with emerging private sector companies to fund their social enterprises or organize such enterprises and other projects with the strong participation of private sector companies. One of our principal goals is to encourage the establishment and consolidation of Cuba\u2019s philanthropic ecosystem. Over the long-run, such an ecosystem will enable [&hellip;]<\/p>","protected":false},"author":1,"featured_media":16493,"parent":0,"menu_order":0,"comment_status":"closed","ping_status":"closed","template":"elementor_header_footer","meta":{"nf_dc_page":"","inline_featured_image":false,"footnotes":""},"class_list":["post-8468","page","type-page","status-publish","has-post-thumbnail","hentry"],"yoast_head":"<!-- This site is optimized with the Yoast SEO plugin v24.8.1 - https:\/\/yoast.com\/wordpress\/plugins\/seo\/ -->\n<title>Our Work - Cuba Foundation<\/title>\n<meta name=\"robots\" content=\"index, follow, max-snippet:-1, max-image-preview:large, max-video-preview:-1\" \/>\n<link rel=\"canonical\" href=\"https:\/\/www.cf.lombaoestudios.com\/es\/our-work\/\" \/>\n<meta property=\"og:locale\" content=\"es_ES\" \/>\n<meta property=\"og:type\" content=\"article\" \/>\n<meta property=\"og:title\" content=\"Our Work - Cuba Foundation\" \/>\n<meta property=\"og:description\" content=\"We Support Sustainable Development We work with emerging private sector companies to fund their social enterprises or organize such enterprises and other projects with the strong participation of private sector companies. One of our principal goals is to encourage the establishment and consolidation of Cuba\u2019s philanthropic ecosystem. Over the long-run, such an ecosystem will enable [&hellip;]\" \/>\n<meta property=\"og:url\" content=\"https:\/\/www.cf.lombaoestudios.com\/es\/our-work\/\" \/>\n<meta property=\"og:site_name\" content=\"Cuba Foundation\" \/>\n<meta property=\"article:modified_time\" content=\"2023-09-27T14:21:13+00:00\" \/>\n<meta property=\"og:image\" content=\"https:\/\/i0.wp.com\/www.cf.lombaoestudios.com\/wp-content\/uploads\/2023\/09\/CF_Our-Work-scaled.jpg?fit=1920%2C2560&ssl=1\" \/>\n\t<meta property=\"og:image:width\" content=\"1920\" \/>\n\t<meta property=\"og:image:height\" content=\"2560\" \/>\n\t<meta property=\"og:image:type\" content=\"image\/jpeg\" \/>\n<meta name=\"twitter:card\" content=\"summary_large_image\" \/>\n<meta name=\"twitter:label1\" content=\"Tiempo de lectura\" \/>\n\t<meta name=\"twitter:data1\" content=\"3 minutos\" \/>\n<script type=\"application\/ld+json\" class=\"yoast-schema-graph\">{\"@context\":\"https:\/\/schema.org\",\"@graph\":[{\"@type\":\"WebPage\",\"@id\":\"https:\/\/www.cf.lombaoestudios.com\/our-work\/\",\"url\":\"https:\/\/www.cf.lombaoestudios.com\/our-work\/\",\"name\":\"Our Work - Cuba Foundation\",\"isPartOf\":{\"@id\":\"https:\/\/www.cf.lombaoestudios.com\/#website\"},\"primaryImageOfPage\":{\"@id\":\"https:\/\/www.cf.lombaoestudios.com\/our-work\/#primaryimage\"},\"image\":{\"@id\":\"https:\/\/www.cf.lombaoestudios.com\/our-work\/#primaryimage\"},\"thumbnailUrl\":\"https:\/\/i0.wp.com\/www.cf.lombaoestudios.com\/wp-content\/uploads\/2023\/09\/CF_Our-Work-scaled.jpg?fit=1920%2C2560&ssl=1\",\"datePublished\":\"2022-06-21T08:43:33+00:00\",\"dateModified\":\"2023-09-27T14:21:13+00:00\",\"breadcrumb\":{\"@id\":\"https:\/\/www.cf.lombaoestudios.com\/our-work\/#breadcrumb\"},\"inLanguage\":\"es\",\"potentialAction\":[{\"@type\":\"ReadAction\",\"target\":[\"https:\/\/www.cf.lombaoestudios.com\/our-work\/\"]}]},{\"@type\":\"ImageObject\",\"inLanguage\":\"es\",\"@id\":\"https:\/\/www.cf.lombaoestudios.com\/our-work\/#primaryimage\",\"url\":\"https:\/\/i0.wp.com\/www.cf.lombaoestudios.com\/wp-content\/uploads\/2023\/09\/CF_Our-Work-scaled.jpg?fit=1920%2C2560&ssl=1\",\"contentUrl\":\"https:\/\/i0.wp.com\/www.cf.lombaoestudios.com\/wp-content\/uploads\/2023\/09\/CF_Our-Work-scaled.jpg?fit=1920%2C2560&ssl=1\",\"width\":1920,\"height\":2560},{\"@type\":\"BreadcrumbList\",\"@id\":\"https:\/\/www.cf.lombaoestudios.com\/our-work\/#breadcrumb\",\"itemListElement\":[{\"@type\":\"ListItem\",\"position\":1,\"name\":\"Home\",\"item\":\"https:\/\/www.cf.lombaoestudios.com\/\"},{\"@type\":\"ListItem\",\"position\":2,\"name\":\"Our Work\"}]},{\"@type\":\"WebSite\",\"@id\":\"https:\/\/www.cf.lombaoestudios.com\/#website\",\"url\":\"https:\/\/www.cf.lombaoestudios.com\/\",\"name\":\"Cuba Foundation\",\"description\":\"a Philanthropic Platform\",\"publisher\":{\"@id\":\"https:\/\/www.cf.lombaoestudios.com\/#organization\"},\"potentialAction\":[{\"@type\":\"SearchAction\",\"target\":{\"@type\":\"EntryPoint\",\"urlTemplate\":\"https:\/\/www.cf.lombaoestudios.com\/?s={search_term_string}\"},\"query-input\":{\"@type\":\"PropertyValueSpecification\",\"valueRequired\":true,\"valueName\":\"search_term_string\"}}],\"inLanguage\":\"es\"},{\"@type\":\"Organization\",\"@id\":\"https:\/\/www.cf.lombaoestudios.com\/#organization\",\"name\":\"Cuba Foundation\",\"url\":\"https:\/\/www.cf.lombaoestudios.com\/\",\"logo\":{\"@type\":\"ImageObject\",\"inLanguage\":\"es\",\"@id\":\"https:\/\/www.cf.lombaoestudios.com\/#\/schema\/logo\/image\/\",\"url\":\"https:\/\/cuba-foundation.org\/wp-content\/uploads\/2023\/09\/05-CUBA-FOUNDATION-_-FrameBlue.svg\",\"contentUrl\":\"https:\/\/cuba-foundation.org\/wp-content\/uploads\/2023\/09\/05-CUBA-FOUNDATION-_-FrameBlue.svg\",\"width\":269,\"height\":269,\"caption\":\"Cuba Foundation\"},\"image\":{\"@id\":\"https:\/\/www.cf.lombaoestudios.com\/#\/schema\/logo\/image\/\"}}]}<\/script>\n<!-- \/ Yoast SEO plugin. -->","yoast_head_json":{"title":"Our Work - Cuba Foundation","robots":{"index":"index","follow":"follow","max-snippet":"max-snippet:-1","max-image-preview":"max-image-preview:large","max-video-preview":"max-video-preview:-1"},"canonical":"https:\/\/www.cf.lombaoestudios.com\/es\/our-work\/","og_locale":"es_ES","og_type":"article","og_title":"Our Work - Cuba Foundation","og_description":"We Support Sustainable Development We work with emerging private sector companies to fund their social enterprises or organize such enterprises and other projects with the strong participation of private sector companies. One of our principal goals is to encourage the establishment and consolidation of Cuba\u2019s philanthropic ecosystem. Over the long-run, such an ecosystem will enable [&hellip;]","og_url":"https:\/\/www.cf.lombaoestudios.com\/es\/our-work\/","og_site_name":"Cuba Foundation","article_modified_time":"2023-09-27T14:21:13+00:00","og_image":[{"width":1920,"height":2560,"url":"https:\/\/i0.wp.com\/www.cf.lombaoestudios.com\/wp-content\/uploads\/2023\/09\/CF_Our-Work-scaled.jpg?fit=1920%2C2560&ssl=1","type":"image\/jpeg"}],"twitter_card":"summary_large_image","twitter_misc":{"Tiempo de lectura":"3 minutos"},"schema":{"@context":"https:\/\/schema.org","@graph":[{"@type":"WebPage","@id":"https:\/\/www.cf.lombaoestudios.com\/our-work\/","url":"https:\/\/www.cf.lombaoestudios.com\/our-work\/","name":"Our Work - Cuba Foundation","isPartOf":{"@id":"https:\/\/www.cf.lombaoestudios.com\/#website"},"primaryImageOfPage":{"@id":"https:\/\/www.cf.lombaoestudios.com\/our-work\/#primaryimage"},"image":{"@id":"https:\/\/www.cf.lombaoestudios.com\/our-work\/#primaryimage"},"thumbnailUrl":"https:\/\/i0.wp.com\/www.cf.lombaoestudios.com\/wp-content\/uploads\/2023\/09\/CF_Our-Work-scaled.jpg?fit=1920%2C2560&ssl=1","datePublished":"2022-06-21T08:43:33+00:00","dateModified":"2023-09-27T14:21:13+00:00","breadcrumb":{"@id":"https:\/\/www.cf.lombaoestudios.com\/our-work\/#breadcrumb"},"inLanguage":"es","potentialAction":[{"@type":"ReadAction","target":["https:\/\/www.cf.lombaoestudios.com\/our-work\/"]}]},{"@type":"ImageObject","inLanguage":"es","@id":"https:\/\/www.cf.lombaoestudios.com\/our-work\/#primaryimage","url":"https:\/\/i0.wp.com\/www.cf.lombaoestudios.com\/wp-content\/uploads\/2023\/09\/CF_Our-Work-scaled.jpg?fit=1920%2C2560&ssl=1","contentUrl":"https:\/\/i0.wp.com\/www.cf.lombaoestudios.com\/wp-content\/uploads\/2023\/09\/CF_Our-Work-scaled.jpg?fit=1920%2C2560&ssl=1","width":1920,"height":2560},{"@type":"BreadcrumbList","@id":"https:\/\/www.cf.lombaoestudios.com\/our-work\/#breadcrumb","itemListElement":[{"@type":"ListItem","position":1,"name":"Home","item":"https:\/\/www.cf.lombaoestudios.com\/"},{"@type":"ListItem","position":2,"name":"Our Work"}]},{"@type":"WebSite","@id":"https:\/\/www.cf.lombaoestudios.com\/#website","url":"https:\/\/www.cf.lombaoestudios.com\/","name":"Cuba Foundation","description":"a Philanthropic Platform","publisher":{"@id":"https:\/\/www.cf.lombaoestudios.com\/#organization"},"potentialAction":[{"@type":"SearchAction","target":{"@type":"EntryPoint","urlTemplate":"https:\/\/www.cf.lombaoestudios.com\/?s={search_term_string}"},"query-input":{"@type":"PropertyValueSpecification","valueRequired":true,"valueName":"search_term_string"}}],"inLanguage":"es"},{"@type":"Organization","@id":"https:\/\/www.cf.lombaoestudios.com\/#organization","name":"Cuba Foundation","url":"https:\/\/www.cf.lombaoestudios.com\/","logo":{"@type":"ImageObject","inLanguage":"es","@id":"https:\/\/www.cf.lombaoestudios.com\/#\/schema\/logo\/image\/","url":"https:\/\/cuba-foundation.org\/wp-content\/uploads\/2023\/09\/05-CUBA-FOUNDATION-_-FrameBlue.svg","contentUrl":"https:\/\/cuba-foundation.org\/wp-content\/uploads\/2023\/09\/05-CUBA-FOUNDATION-_-FrameBlue.svg","width":269,"height":269,"caption":"Cuba Foundation"},"image":{"@id":"https:\/\/www.cf.lombaoestudios.com\/#\/schema\/logo\/image\/"}}]}},"jetpack_sharing_enabled":true,"_links":{"self":[{"href":"https:\/\/www.cf.lombaoestudios.com\/es\/wp-json\/wp\/v2\/pages\/8468","targetHints":{"allow":["GET"]}}],"collection":[{"href":"https:\/\/www.cf.lombaoestudios.com\/es\/wp-json\/wp\/v2\/pages"}],"about":[{"href":"https:\/\/www.cf.lombaoestudios.com\/es\/wp-json\/wp\/v2\/types\/page"}],"author":[{"embeddable":true,"href":"https:\/\/www.cf.lombaoestudios.com\/es\/wp-json\/wp\/v2\/users\/1"}],"replies":[{"embeddable":true,"href":"https:\/\/www.cf.lombaoestudios.com\/es\/wp-json\/wp\/v2\/comments?post=8468"}],"version-history":[{"count":5,"href":"https:\/\/www.cf.lombaoestudios.com\/es\/wp-json\/wp\/v2\/pages\/8468\/revisions"}],"predecessor-version":[{"id":18071,"href":"https:\/\/www.cf.lombaoestudios.com\/es\/wp-json\/wp\/v2\/pages\/8468\/revisions\/18071"}],"wp:featuredmedia":[{"embeddable":true,"href":"https:\/\/www.cf.lombaoestudios.com\/es\/wp-json\/wp\/v2\/media\/16493"}],"wp:attachment":[{"href":"https:\/\/www.cf.lombaoestudios.com\/es\/wp-json\/wp\/v2\/media?parent=8468"}],"curies":[{"name":"wp","href":"https:\/\/api.w.org\/{rel}","templated":true}]}}