{"id":16643,"date":"2023-09-07T15:37:39","date_gmt":"2023-09-07T15:37:39","guid":{"rendered":"https:\/\/www.cf.lombaoestudios.com\/?page_id=16643"},"modified":"2023-09-27T14:21:04","modified_gmt":"2023-09-27T14:21:04","slug":"research-institute","status":"publish","type":"page","link":"https:\/\/www.cf.lombaoestudios.com\/es\/research-institute\/","title":{"rendered":"Instituto de Investigaci\u00f3n"},"content":{"rendered":"<div data-elementor-type=\"wp-page\" data-elementor-id=\"16643\" class=\"elementor elementor-16643\" data-elementor-post-type=\"page\">\n\t\t\t\t\t\t<section class=\"elementor-section elementor-top-section elementor-element elementor-element-678560eb elementor-section-content-middle elementor-section-boxed elementor-section-height-default elementor-section-height-default\" data-id=\"678560eb\" data-element_type=\"section\">\n\t\t\t\t\t\t<div class=\"elementor-container elementor-column-gap-no\">\n\t\t\t\t\t<div class=\"elementor-column elementor-col-50 elementor-top-column elementor-element elementor-element-128fe0d7\" data-id=\"128fe0d7\" data-element_type=\"column\">\n\t\t\t<div class=\"elementor-widget-wrap elementor-element-populated\">\n\t\t\t\t\t\t<div class=\"elementor-element elementor-element-603ca9f1 elementor-widget elementor-widget-image\" data-id=\"603ca9f1\" data-element_type=\"widget\" data-widget_type=\"image.default\">\n\t\t\t\t<div class=\"elementor-widget-container\">\n\t\t\t\t\t\t\t\t\t\t\t\t\t\t\t<img fetchpriority=\"high\" decoding=\"async\" width=\"1200\" height=\"454\" src=\"https:\/\/i0.wp.com\/www.cf.lombaoestudios.com\/wp-content\/uploads\/2023\/09\/01-CUBA-FOUNDATION-Research-Institute-Logo-No-R.png?fit=1200%2C454&amp;ssl=1\" class=\"attachment-full size-full wp-image-17109\" alt=\"\" srcset=\"https:\/\/i0.wp.com\/www.cf.lombaoestudios.com\/wp-content\/uploads\/2023\/09\/01-CUBA-FOUNDATION-Research-Institute-Logo-No-R.png?w=1200&amp;ssl=1 1200w, https:\/\/i0.wp.com\/www.cf.lombaoestudios.com\/wp-content\/uploads\/2023\/09\/01-CUBA-FOUNDATION-Research-Institute-Logo-No-R.png?resize=300%2C114&amp;ssl=1 300w, https:\/\/i0.wp.com\/www.cf.lombaoestudios.com\/wp-content\/uploads\/2023\/09\/01-CUBA-FOUNDATION-Research-Institute-Logo-No-R.png?resize=1024%2C387&amp;ssl=1 1024w, https:\/\/i0.wp.com\/www.cf.lombaoestudios.com\/wp-content\/uploads\/2023\/09\/01-CUBA-FOUNDATION-Research-Institute-Logo-No-R.png?resize=768%2C291&amp;ssl=1 768w, https:\/\/i0.wp.com\/www.cf.lombaoestudios.com\/wp-content\/uploads\/2023\/09\/01-CUBA-FOUNDATION-Research-Institute-Logo-No-R.png?resize=18%2C7&amp;ssl=1 18w\" sizes=\"(max-width: 980px) 100vw, 980px\" \/>\t\t\t\t\t\t\t\t\t\t\t\t\t\t\t<\/div>\n\t\t\t\t<\/div>\n\t\t\t\t\t<\/div>\n\t\t<\/div>\n\t\t\t\t<div class=\"elementor-column elementor-col-50 elementor-top-column elementor-element elementor-element-5e9cc2f2\" data-id=\"5e9cc2f2\" data-element_type=\"column\">\n\t\t\t<div class=\"elementor-widget-wrap elementor-element-populated\">\n\t\t\t\t\t\t<div class=\"elementor-element elementor-element-9f5eedf elementor-invisible elementor-widget elementor-widget-heading\" data-id=\"9f5eedf\" data-element_type=\"widget\" data-settings=\"{&quot;_animation&quot;:&quot;fadeIn&quot;}\" data-widget_type=\"heading.default\">\n\t\t\t\t<div class=\"elementor-widget-container\">\n\t\t\t\t\t<h2 class=\"elementor-heading-title elementor-size-default\">Liderazgo Intelectual<\/h2>\t\t\t\t<\/div>\n\t\t\t\t<\/div>\n\t\t\t\t<div class=\"elementor-element elementor-element-44cd924 elementor-invisible elementor-widget elementor-widget-text-editor\" data-id=\"44cd924\" data-element_type=\"widget\" data-settings=\"{&quot;_animation&quot;:&quot;fadeIn&quot;}\" data-widget_type=\"text-editor.default\">\n\t\t\t\t<div class=\"elementor-widget-container\">\n\t\t\t\t\t\t\t\t\t<p>Estamos comprometidos a desarrollar y difundir investigaciones sobre oportunidades filantr\u00f3picas que involucran a Cuba en general y, en particular, a nuestras cinco \u00e1reas de enfoque. Con ese fin, estamos en el proceso de organizar el Cuba Foundation Research Institute, que tendr\u00e1 su sede dentro de Cuba Foundation y estar\u00e1 dirigido por un investigador con conocimientos sobre Cuba, el desarrollo econ\u00f3mico y\/o la filantrop\u00eda. Su mandato incluir\u00e1 servir como nuestra unidad de investigaci\u00f3n interna; publicar nuestras investigaciones y las investigaciones de otros; mantener un \u201cportal de recursos\u201d; y actuar como convocante de conferencias y seminarios. Est\u00e9n atentos a informaci\u00f3n sobre sus actividades.<\/p>\t\t\t\t\t\t\t\t<\/div>\n\t\t\t\t<\/div>\n\t\t\t\t\t<\/div>\n\t\t<\/div>\n\t\t\t\t\t<\/div>\n\t\t<\/section>\n\t\t\t\t<\/div>","protected":false},"excerpt":{"rendered":"<p>Thought Leadership We are committed to developing and disseminating research about philanthropic opportunities involving Cuba in general and, in particular, our five areas of focus. To that end, we are in the process of organizing the Cuba Foundation Research Institute, which shall be based within the Cuba Foundation and led by a researcher knowledgeable about [&hellip;]<\/p>","protected":false},"author":2,"featured_media":0,"parent":0,"menu_order":0,"comment_status":"closed","ping_status":"closed","template":"elementor_header_footer","meta":{"nf_dc_page":"","inline_featured_image":false,"footnotes":""},"class_list":["post-16643","page","type-page","status-publish","hentry"],"yoast_head":"<!-- This site is optimized with the Yoast SEO plugin v24.8.1 - https:\/\/yoast.com\/wordpress\/plugins\/seo\/ -->\n<title>Research Institute - Cuba Foundation<\/title>\n<meta name=\"robots\" content=\"index, follow, max-snippet:-1, max-image-preview:large, max-video-preview:-1\" \/>\n<link rel=\"canonical\" href=\"https:\/\/www.cf.lombaoestudios.com\/es\/research-institute\/\" \/>\n<meta property=\"og:locale\" content=\"es_ES\" \/>\n<meta property=\"og:type\" content=\"article\" \/>\n<meta property=\"og:title\" content=\"Research Institute - Cuba Foundation\" \/>\n<meta property=\"og:description\" content=\"Thought Leadership We are committed to developing and disseminating research about philanthropic opportunities involving Cuba in general and, in particular, our five areas of focus. To that end, we are in the process of organizing the Cuba Foundation Research Institute, which shall be based within the Cuba Foundation and led by a researcher knowledgeable about [&hellip;]\" \/>\n<meta property=\"og:url\" content=\"https:\/\/www.cf.lombaoestudios.com\/es\/research-institute\/\" \/>\n<meta property=\"og:site_name\" content=\"Cuba Foundation\" \/>\n<meta property=\"article:modified_time\" content=\"2023-09-27T14:21:04+00:00\" \/>\n<meta property=\"og:image\" content=\"https:\/\/www.cf.lombaoestudios.com\/wp-content\/uploads\/2023\/09\/01-CUBA-FOUNDATION-Research-Institute-Logo-No-R.png\" \/>\n<meta name=\"twitter:card\" content=\"summary_large_image\" \/>\n<meta name=\"twitter:label1\" content=\"Tiempo de lectura\" \/>\n\t<meta name=\"twitter:data1\" content=\"1 minuto\" \/>\n<script type=\"application\/ld+json\" class=\"yoast-schema-graph\">{\"@context\":\"https:\/\/schema.org\",\"@graph\":[{\"@type\":\"WebPage\",\"@id\":\"https:\/\/www.cf.lombaoestudios.com\/research-institute\/\",\"url\":\"https:\/\/www.cf.lombaoestudios.com\/research-institute\/\",\"name\":\"Research Institute - Cuba Foundation\",\"isPartOf\":{\"@id\":\"https:\/\/www.cf.lombaoestudios.com\/#website\"},\"primaryImageOfPage\":{\"@id\":\"https:\/\/www.cf.lombaoestudios.com\/research-institute\/#primaryimage\"},\"image\":{\"@id\":\"https:\/\/www.cf.lombaoestudios.com\/research-institute\/#primaryimage\"},\"thumbnailUrl\":\"https:\/\/www.cf.lombaoestudios.com\/wp-content\/uploads\/2023\/09\/01-CUBA-FOUNDATION-Research-Institute-Logo-No-R.png\",\"datePublished\":\"2023-09-07T15:37:39+00:00\",\"dateModified\":\"2023-09-27T14:21:04+00:00\",\"breadcrumb\":{\"@id\":\"https:\/\/www.cf.lombaoestudios.com\/research-institute\/#breadcrumb\"},\"inLanguage\":\"es\",\"potentialAction\":[{\"@type\":\"ReadAction\",\"target\":[\"https:\/\/www.cf.lombaoestudios.com\/research-institute\/\"]}]},{\"@type\":\"ImageObject\",\"inLanguage\":\"es\",\"@id\":\"https:\/\/www.cf.lombaoestudios.com\/research-institute\/#primaryimage\",\"url\":\"https:\/\/www.cf.lombaoestudios.com\/wp-content\/uploads\/2023\/09\/01-CUBA-FOUNDATION-Research-Institute-Logo-No-R.png\",\"contentUrl\":\"https:\/\/www.cf.lombaoestudios.com\/wp-content\/uploads\/2023\/09\/01-CUBA-FOUNDATION-Research-Institute-Logo-No-R.png\"},{\"@type\":\"BreadcrumbList\",\"@id\":\"https:\/\/www.cf.lombaoestudios.com\/research-institute\/#breadcrumb\",\"itemListElement\":[{\"@type\":\"ListItem\",\"position\":1,\"name\":\"Home\",\"item\":\"https:\/\/www.cf.lombaoestudios.com\/\"},{\"@type\":\"ListItem\",\"position\":2,\"name\":\"Research Institute\"}]},{\"@type\":\"WebSite\",\"@id\":\"https:\/\/www.cf.lombaoestudios.com\/#website\",\"url\":\"https:\/\/www.cf.lombaoestudios.com\/\",\"name\":\"Cuba Foundation\",\"description\":\"a Philanthropic Platform\",\"publisher\":{\"@id\":\"https:\/\/www.cf.lombaoestudios.com\/#organization\"},\"potentialAction\":[{\"@type\":\"SearchAction\",\"target\":{\"@type\":\"EntryPoint\",\"urlTemplate\":\"https:\/\/www.cf.lombaoestudios.com\/?s={search_term_string}\"},\"query-input\":{\"@type\":\"PropertyValueSpecification\",\"valueRequired\":true,\"valueName\":\"search_term_string\"}}],\"inLanguage\":\"es\"},{\"@type\":\"Organization\",\"@id\":\"https:\/\/www.cf.lombaoestudios.com\/#organization\",\"name\":\"Cuba Foundation\",\"url\":\"https:\/\/www.cf.lombaoestudios.com\/\",\"logo\":{\"@type\":\"ImageObject\",\"inLanguage\":\"es\",\"@id\":\"https:\/\/www.cf.lombaoestudios.com\/#\/schema\/logo\/image\/\",\"url\":\"https:\/\/cuba-foundation.org\/wp-content\/uploads\/2023\/09\/05-CUBA-FOUNDATION-_-FrameBlue.svg\",\"contentUrl\":\"https:\/\/cuba-foundation.org\/wp-content\/uploads\/2023\/09\/05-CUBA-FOUNDATION-_-FrameBlue.svg\",\"width\":269,\"height\":269,\"caption\":\"Cuba Foundation\"},\"image\":{\"@id\":\"https:\/\/www.cf.lombaoestudios.com\/#\/schema\/logo\/image\/\"}}]}<\/script>\n<!-- \/ Yoast SEO plugin. -->","yoast_head_json":{"title":"Research Institute - Cuba Foundation","robots":{"index":"index","follow":"follow","max-snippet":"max-snippet:-1","max-image-preview":"max-image-preview:large","max-video-preview":"max-video-preview:-1"},"canonical":"https:\/\/www.cf.lombaoestudios.com\/es\/research-institute\/","og_locale":"es_ES","og_type":"article","og_title":"Research Institute - Cuba Foundation","og_description":"Thought Leadership We are committed to developing and disseminating research about philanthropic opportunities involving Cuba in general and, in particular, our five areas of focus. To that end, we are in the process of organizing the Cuba Foundation Research Institute, which shall be based within the Cuba Foundation and led by a researcher knowledgeable about [&hellip;]","og_url":"https:\/\/www.cf.lombaoestudios.com\/es\/research-institute\/","og_site_name":"Cuba Foundation","article_modified_time":"2023-09-27T14:21:04+00:00","og_image":[{"url":"https:\/\/www.cf.lombaoestudios.com\/wp-content\/uploads\/2023\/09\/01-CUBA-FOUNDATION-Research-Institute-Logo-No-R.png","type":"","width":"","height":""}],"twitter_card":"summary_large_image","twitter_misc":{"Tiempo de lectura":"1 minuto"},"schema":{"@context":"https:\/\/schema.org","@graph":[{"@type":"WebPage","@id":"https:\/\/www.cf.lombaoestudios.com\/research-institute\/","url":"https:\/\/www.cf.lombaoestudios.com\/research-institute\/","name":"Research Institute - Cuba Foundation","isPartOf":{"@id":"https:\/\/www.cf.lombaoestudios.com\/#website"},"primaryImageOfPage":{"@id":"https:\/\/www.cf.lombaoestudios.com\/research-institute\/#primaryimage"},"image":{"@id":"https:\/\/www.cf.lombaoestudios.com\/research-institute\/#primaryimage"},"thumbnailUrl":"https:\/\/www.cf.lombaoestudios.com\/wp-content\/uploads\/2023\/09\/01-CUBA-FOUNDATION-Research-Institute-Logo-No-R.png","datePublished":"2023-09-07T15:37:39+00:00","dateModified":"2023-09-27T14:21:04+00:00","breadcrumb":{"@id":"https:\/\/www.cf.lombaoestudios.com\/research-institute\/#breadcrumb"},"inLanguage":"es","potentialAction":[{"@type":"ReadAction","target":["https:\/\/www.cf.lombaoestudios.com\/research-institute\/"]}]},{"@type":"ImageObject","inLanguage":"es","@id":"https:\/\/www.cf.lombaoestudios.com\/research-institute\/#primaryimage","url":"https:\/\/www.cf.lombaoestudios.com\/wp-content\/uploads\/2023\/09\/01-CUBA-FOUNDATION-Research-Institute-Logo-No-R.png","contentUrl":"https:\/\/www.cf.lombaoestudios.com\/wp-content\/uploads\/2023\/09\/01-CUBA-FOUNDATION-Research-Institute-Logo-No-R.png"},{"@type":"BreadcrumbList","@id":"https:\/\/www.cf.lombaoestudios.com\/research-institute\/#breadcrumb","itemListElement":[{"@type":"ListItem","position":1,"name":"Home","item":"https:\/\/www.cf.lombaoestudios.com\/"},{"@type":"ListItem","position":2,"name":"Research Institute"}]},{"@type":"WebSite","@id":"https:\/\/www.cf.lombaoestudios.com\/#website","url":"https:\/\/www.cf.lombaoestudios.com\/","name":"Cuba Foundation","description":"a Philanthropic Platform","publisher":{"@id":"https:\/\/www.cf.lombaoestudios.com\/#organization"},"potentialAction":[{"@type":"SearchAction","target":{"@type":"EntryPoint","urlTemplate":"https:\/\/www.cf.lombaoestudios.com\/?s={search_term_string}"},"query-input":{"@type":"PropertyValueSpecification","valueRequired":true,"valueName":"search_term_string"}}],"inLanguage":"es"},{"@type":"Organization","@id":"https:\/\/www.cf.lombaoestudios.com\/#organization","name":"Cuba Foundation","url":"https:\/\/www.cf.lombaoestudios.com\/","logo":{"@type":"ImageObject","inLanguage":"es","@id":"https:\/\/www.cf.lombaoestudios.com\/#\/schema\/logo\/image\/","url":"https:\/\/cuba-foundation.org\/wp-content\/uploads\/2023\/09\/05-CUBA-FOUNDATION-_-FrameBlue.svg","contentUrl":"https:\/\/cuba-foundation.org\/wp-content\/uploads\/2023\/09\/05-CUBA-FOUNDATION-_-FrameBlue.svg","width":269,"height":269,"caption":"Cuba Foundation"},"image":{"@id":"https:\/\/www.cf.lombaoestudios.com\/#\/schema\/logo\/image\/"}}]}},"jetpack_sharing_enabled":true,"_links":{"self":[{"href":"https:\/\/www.cf.lombaoestudios.com\/es\/wp-json\/wp\/v2\/pages\/16643","targetHints":{"allow":["GET"]}}],"collection":[{"href":"https:\/\/www.cf.lombaoestudios.com\/es\/wp-json\/wp\/v2\/pages"}],"about":[{"href":"https:\/\/www.cf.lombaoestudios.com\/es\/wp-json\/wp\/v2\/types\/page"}],"author":[{"embeddable":true,"href":"https:\/\/www.cf.lombaoestudios.com\/es\/wp-json\/wp\/v2\/users\/2"}],"replies":[{"embeddable":true,"href":"https:\/\/www.cf.lombaoestudios.com\/es\/wp-json\/wp\/v2\/comments?post=16643"}],"version-history":[{"count":5,"href":"https:\/\/www.cf.lombaoestudios.com\/es\/wp-json\/wp\/v2\/pages\/16643\/revisions"}],"predecessor-version":[{"id":18073,"href":"https:\/\/www.cf.lombaoestudios.com\/es\/wp-json\/wp\/v2\/pages\/16643\/revisions\/18073"}],"wp:attachment":[{"href":"https:\/\/www.cf.lombaoestudios.com\/es\/wp-json\/wp\/v2\/media?parent=16643"}],"curies":[{"name":"wp","href":"https:\/\/api.w.org\/{rel}","templated":true}]}}